{"id":2058,"date":"2022-09-10T18:05:51","date_gmt":"2022-09-10T18:05:51","guid":{"rendered":"https:\/\/www.atpoorten.be\/?page_id=2058"},"modified":"2022-09-10T18:48:34","modified_gmt":"2022-09-10T18:48:34","slug":"disclaimerpolicy","status":"publish","type":"page","link":"https:\/\/www.atpoorten.be\/fr\/disclaimerpolicy\/","title":{"rendered":"Politique d'avertissement"},"content":{"rendered":"<p>Ce courriel est envoy\u00e9 par et au nom de AT POORTEN BV dont le si\u00e8ge social est situ\u00e9 \u00e0 2440 GEEL, Scheplakens 30 et connu sous le num\u00e9ro d'entreprise 0746.769.742, E : office@www.atpoorten.be, Tel : 0493 48 76 70.<\/p>\n\n\n\n<p>Les dispositions de la pr\u00e9sente politique en mati\u00e8re de courrier \u00e9lectronique s'appliquent \u00e0 tous les courriers \u00e9lectroniques en provenance et \u00e0 destination d'AT POORTEN BV, \u00e0 l'exclusion expresse de toute autre disposition, condition,... \u00e9manant de personnes et\/ou d'entit\u00e9s juridiques communiquant avec AT POORTEN BV, et ce ind\u00e9pendamment de la mani\u00e8re, du moment et de la nature des donn\u00e9es, des documents inclus dans ou joints au courrier \u00e9lectronique communiqu\u00e9 par l'interm\u00e9diaire d'AT POORTEN BV.<\/p>\n\n\n\n<p>Tout e-mail d'AT POORTEN BV contenant ou pouvant contenir un engagement ne pourra en aucun cas produire des effets juridiques au d\u00e9triment de ladite soci\u00e9t\u00e9 si l'engagement n'a pas \u00e9t\u00e9 confirm\u00e9 conform\u00e9ment aux dispositions des conditions g\u00e9n\u00e9rales qui peuvent \u00eatre consult\u00e9es sur notre site web ou par le biais du lien.<\/p>\n\n\n\n<p>Aucune transmission de donn\u00e9es sur l'internet ne peut \u00eatre garantie comme \u00e9tant totalement s\u00fbre. Bien que nous nous efforcions de prot\u00e9ger ces informations, nous ne garantissons pas et ne pouvons pas toujours garantir la s\u00e9curit\u00e9 des informations que vous nous transmettez. Toute information que vous nous transmettez l'est donc \u00e0 vos propres risques. N\u00e9anmoins, une fois que nous avons re\u00e7u votre transmission, nous avons pris toutes les mesures raisonnables pour maintenir la s\u00e9curit\u00e9 de ces informations.<\/p>\n\n\n\n<p class=\"translation-block\">Nous traitons vos donn\u00e9es \u00e0 caract\u00e8re personnel conform\u00e9ment \u00e0 notre d\u00e9claration de confidentialit\u00e9, qui peut \u00eatre consult\u00e9e sur notre site web <a href=\"https:\/\/www.atpoorten.be\/fr\/privacyverklaring\/\" target=\"_self\">https:\/\/www.atpoorten.be<\/a> Pour plus d'informations, veuillez nous contacter par courrier \u00e9lectronique : office@www.atpoorten.be. Ce courrier \u00e9lectronique et toutes les pi\u00e8ces jointes sont destin\u00e9s uniquement \u00e0 la personne ou \u00e0 l'entit\u00e9 \u00e0 laquelle ils sont adress\u00e9s et, sauf indication contraire, leur contenu est confidentiel.<\/p>\n\n\n\n<p>Si vous avez re\u00e7u cet e-mail par erreur, veuillez en informer imm\u00e9diatement l'exp\u00e9diteur et supprimer le message. Si vous n'\u00eates pas le destinataire de cet e-mail, vous n'\u00eates pas autoris\u00e9 \u00e0 divulguer, distribuer, copier ou modifier ce message ou son contenu. Nous ne garantissons pas la transmission correcte et compl\u00e8te de ce courrier \u00e9lectronique ni sa r\u00e9ception en temps utile.<\/p>\n\n\n\n<p>Les dispositions peuvent \u00eatre modifi\u00e9es unilat\u00e9ralement par AT POORTEN BV de temps \u00e0 autre. Les versions adapt\u00e9es sont toujours disponibles sur notre site web ou via le lien<\/p>\n\n\n\n<p><\/p>\n\n\n\n<p><\/p>","protected":false},"excerpt":{"rendered":"<p>Deze e-mail wordt verstuurd vanuit en namens AT POORTEN BV met maatschappelijke zetel te 2440 GEEL, Scheplakens 30 en gekend onder het ondernemingsnummer 0746.769.742, E: office@www.atpoorten.be, Tel.: 0493 48 76 70. De bepalingen van deze emailpolicy zijn van toepassing op elk emailverkeer van en naar AT POORTEN BV met uitdrukkelijke uitsluiting van elke andere bepaling, [&hellip;]<\/p>\n","protected":false},"author":1,"featured_media":0,"parent":0,"menu_order":0,"comment_status":"closed","ping_status":"closed","template":"","meta":{"_et_pb_use_builder":"","_et_pb_old_content":"","_et_gb_content_width":"","iawp_total_views":35,"footnotes":""},"class_list":["post-2058","page","type-page","status-publish","hentry"],"_links":{"self":[{"href":"https:\/\/www.atpoorten.be\/fr\/wp-json\/wp\/v2\/pages\/2058","targetHints":{"allow":["GET"]}}],"collection":[{"href":"https:\/\/www.atpoorten.be\/fr\/wp-json\/wp\/v2\/pages"}],"about":[{"href":"https:\/\/www.atpoorten.be\/fr\/wp-json\/wp\/v2\/types\/page"}],"author":[{"embeddable":true,"href":"https:\/\/www.atpoorten.be\/fr\/wp-json\/wp\/v2\/users\/1"}],"replies":[{"embeddable":true,"href":"https:\/\/www.atpoorten.be\/fr\/wp-json\/wp\/v2\/comments?post=2058"}],"version-history":[{"count":0,"href":"https:\/\/www.atpoorten.be\/fr\/wp-json\/wp\/v2\/pages\/2058\/revisions"}],"wp:attachment":[{"href":"https:\/\/www.atpoorten.be\/fr\/wp-json\/wp\/v2\/media?parent=2058"}],"curies":[{"name":"wp","href":"https:\/\/api.w.org\/{rel}","templated":true}]}}