{"id":2061,"date":"2022-09-10T18:18:07","date_gmt":"2022-09-10T18:18:07","guid":{"rendered":"https:\/\/www.atpoorten.be\/?page_id=2061"},"modified":"2022-11-12T11:02:13","modified_gmt":"2022-11-12T11:02:13","slug":"privacyverklaring","status":"publish","type":"page","link":"https:\/\/www.atpoorten.be\/fr\/privacyverklaring\/","title":{"rendered":"D\u00e9claration de confidentialit\u00e9"},"content":{"rendered":"<h2 class=\"wp-block-heading\"><\/h2>\n\n\n\n<p>Het gebruik van de website van https:\/\/www.atpoorten.be (de \u201cWebsite\u201d) is onderworpen aan de hierna opgenomen gebruiksvoorwaarden. Het gebruik van de website geldt als aanvaarding van deze voorwaarden.<\/p>\n\n\n\n<p>Deze laatste kunnen worden gewijzigd: de toepasselijke voorwaarden zijn die welke gelden op het ogenblik van elke verbinding. De Website behoort toe aan AT POORTEN BV, met maatschappelijke zetel te 2440 GEEL, Scheplakens 30 en gekend onder het ondernemingsnummer 0746.769.742, E: office@www.atpoorten.be (hierna: \u201cWij\u201d of de \u201cOnderneming\u201d).<\/p>\n\n\n\n<h2 class=\"wp-block-heading\">UTILISATION DU SITE WEB<\/h2>\n\n\n\n<p>Nous consacrons beaucoup d'attention \u00e0 notre site web. Malgr\u00e9 ces efforts, nous ne pouvons pas garantir que les informations contenues dans le site Web sont totalement correctes, pr\u00e9cises et \u00e0 jour. Ces donn\u00e9es ne peuvent donc \u00eatre utilis\u00e9es qu'\u00e0 titre d'information g\u00e9n\u00e9rale. Nous ne pouvons pas non plus \u00eatre tenus responsables des dommages (in)directs r\u00e9sultant de l'utilisation du site web ou sur la base des informations mises \u00e0 disposition par le biais du site web. Le site web peut contenir des fichiers de tiers ou des hyperliens ou autres r\u00e9f\u00e9rences \u00e0 des sites web de tiers. Notre soci\u00e9t\u00e9 ne peut en aucun cas \u00eatre tenue responsable de ceux-ci. En outre, nous nous r\u00e9servons le droit de modifier, d'amender ou de compl\u00e9ter le contenu du site Web \u00e0 tout moment.<\/p>\n\n\n\n<h2 class=\"wp-block-heading\">LA PROPRI\u00c9T\u00c9 INTELLECTUELLE<\/h2>\n\n\n\n<p>L'utilisation du site Web ne conf\u00e8re \u00e0 l'utilisateur aucun droit de propri\u00e9t\u00e9 intellectuelle. Le contenu du Site et les informations mises \u00e0 disposition appartiennent \u00e0 la propri\u00e9t\u00e9 intellectuelle exclusive de la Soci\u00e9t\u00e9. Les informations consultables sur le Site, sa conception, ses textes, dessins, photos, donn\u00e9es, logos, marques et autres \u00e9l\u00e9ments affich\u00e9s sont prot\u00e9g\u00e9s par le droit des marques et\/ou le droit d'auteur et\/ou d'autres r\u00e9glementations applicables, et ne peuvent \u00eatre reproduits sous quelque forme et par quelque moyen que ce soit. Toute infraction donnera lieu \u00e0 des poursuites judiciaires.<\/p>\n\n\n\n<h2 class=\"wp-block-heading\">PROTECTION DES DONN\u00c9ES PERSONNELLES<\/h2>\n\n\n\n<p>Notre soci\u00e9t\u00e9 prend au s\u00e9rieux ses obligations en mati\u00e8re de protection de la vie priv\u00e9e et des donn\u00e9es. Pour plus d'informations, veuillez consulter notre d\u00e9claration de confidentialit\u00e9 sur le site Web https:\/\/www.atpoorten.be.<\/p>\n\n\n\n<h2 class=\"wp-block-heading\">COOKIES<\/h2>\n\n\n\n<p>Le site web peut utiliser des cookies, qui permettent de stocker des informations pour faciliter l'utilisation du site web. Vous pouvez g\u00e9rer et\/ou d\u00e9sactiver l'utilisation des cookies dans votre navigateur. Dans ce cas, toutefois, votre visite risque d'\u00eatre moins fluide. L'acceptation des cookies, via votre navigateur, peut en outre \u00eatre n\u00e9cessaire pour acc\u00e9der aux parties du site Web qui n\u00e9cessitent une identification de l'utilisateur.<\/p>\n\n\n\n<h2 class=\"wp-block-heading\">DROIT BELGE<\/h2>\n\n\n\n<p>Votre acc\u00e8s, votre visite ou votre utilisation du site web et les pr\u00e9sentes conditions d'utilisation sont r\u00e9gis par le droit belge.<\/p>\n\n\n\n<p>Tout litige sera r\u00e9gl\u00e9 par le tribunal arbitral d\u00e9sign\u00e9 par l'Institut d'arbitrage (www.euro-arbitration.org), conform\u00e9ment au r\u00e8glement d'arbitrage SDR (Standard Dispute Rules). Cette disposition remplace toutes les clauses juridictionnelles contradictoires.<\/p>\n\n\n\n<p><\/p>\n\n\n\n<p><\/p>","protected":false},"excerpt":{"rendered":"<p>Het gebruik van de website van https:\/\/www.atpoorten.be (de \u201cWebsite\u201d) is onderworpen aan de hierna opgenomen gebruiksvoorwaarden. Het gebruik van de website geldt als aanvaarding van deze voorwaarden. Deze laatste kunnen worden gewijzigd: de toepasselijke voorwaarden zijn die welke gelden op het ogenblik van elke verbinding. De Website behoort toe aan AT POORTEN BV, met maatschappelijke [&hellip;]<\/p>\n","protected":false},"author":1,"featured_media":0,"parent":0,"menu_order":0,"comment_status":"closed","ping_status":"closed","template":"","meta":{"_et_pb_use_builder":"","_et_pb_old_content":"","_et_gb_content_width":"","iawp_total_views":43,"footnotes":""},"class_list":["post-2061","page","type-page","status-publish","hentry"],"_links":{"self":[{"href":"https:\/\/www.atpoorten.be\/fr\/wp-json\/wp\/v2\/pages\/2061","targetHints":{"allow":["GET"]}}],"collection":[{"href":"https:\/\/www.atpoorten.be\/fr\/wp-json\/wp\/v2\/pages"}],"about":[{"href":"https:\/\/www.atpoorten.be\/fr\/wp-json\/wp\/v2\/types\/page"}],"author":[{"embeddable":true,"href":"https:\/\/www.atpoorten.be\/fr\/wp-json\/wp\/v2\/users\/1"}],"replies":[{"embeddable":true,"href":"https:\/\/www.atpoorten.be\/fr\/wp-json\/wp\/v2\/comments?post=2061"}],"version-history":[{"count":3,"href":"https:\/\/www.atpoorten.be\/fr\/wp-json\/wp\/v2\/pages\/2061\/revisions"}],"predecessor-version":[{"id":2114,"href":"https:\/\/www.atpoorten.be\/fr\/wp-json\/wp\/v2\/pages\/2061\/revisions\/2114"}],"wp:attachment":[{"href":"https:\/\/www.atpoorten.be\/fr\/wp-json\/wp\/v2\/media?parent=2061"}],"curies":[{"name":"wp","href":"https:\/\/api.w.org\/{rel}","templated":true}]}}