{"id":1791,"date":"2021-07-17T17:31:42","date_gmt":"2021-07-17T17:31:42","guid":{"rendered":"https:\/\/www.atpoorten.be\/?post_type=product&#038;p=1791"},"modified":"2025-03-02T16:34:54","modified_gmt":"2025-03-02T16:34:54","slug":"fa-clean-1l","status":"publish","type":"product","link":"https:\/\/www.atpoorten.be\/fr\/fa-clean-1l\/","title":{"rendered":"Fa Clean 1L (y compris la buse)"},"content":{"rendered":"<p><strong>Manuel de l'utilisateur<\/strong><br \/>\n- Effet moussant : monter la g\u00e2chette avec le tube d'extension sur le bidon.<br \/>\n- Liquide : monter l'autre buse.<br \/>\n- Pulv\u00e9riser la surface.<br \/>\n- Laisser tremper dans la pollution.<br \/>\n- Essuyer avec un chiffon propre.<br \/>\n- Frotter avec un chiffon sec.<\/p>\n<p>Pour de meilleurs r\u00e9sultats sur les surfaces lisses, utilisez Novawipe Microfibre. Pour les salissures extr\u00eames sur les textiles, utilisez Novakleen. Utilisez la bouteille \u00e0 pression Novatio pour les grandes applications.<\/p>","protected":false},"excerpt":{"rendered":"<p>Le nettoyage de rev\u00eatements et de substrats fragiles n\u00e9cessite d'\u00e9viter les rayures lors de l'\u00e9limination de la contamination visible. \u00c9liminez les salissures avec Novatio FA Clean. Les couches visibles de poussi\u00e8re et de salet\u00e9 doivent d'abord \u00eatre \u00e9limin\u00e9es avec FA Clean Windows &amp; Doors and Gates avant de s'attaquer \u00e0 la contamination inorganique proprement dite. Il faut d'abord enlever la salet\u00e9 (couche mince) avec un nettoyant \u00e0 base d'eau avant de pouvoir enlever la salet\u00e9 inorganique (p. ex. une tache de colle). FA Clean peut \u00e9galement \u00eatre utilis\u00e9 pour \u00e9liminer les traces de nicotone, de boissons gazeuses, de graisse, de salet\u00e9 et de caoutchouc.<\/p>","protected":false},"featured_media":1805,"template":"","meta":{"_et_pb_use_builder":"","_et_pb_old_content":"","_et_gb_content_width":"","iawp_total_views":305},"product_brand":[],"product_cat":[55,57],"product_tag":[],"class_list":{"0":"post-1791","1":"product","2":"type-product","3":"status-publish","4":"has-post-thumbnail","6":"product_cat-onderhoudsproducten","7":"product_cat-reiniger","8":"product_shipping_class-65-euro","10":"first","11":"instock","12":"taxable","13":"shipping-taxable","14":"purchasable","15":"product-type-simple"},"_links":{"self":[{"href":"https:\/\/www.atpoorten.be\/fr\/wp-json\/wp\/v2\/product\/1791","targetHints":{"allow":["GET"]}}],"collection":[{"href":"https:\/\/www.atpoorten.be\/fr\/wp-json\/wp\/v2\/product"}],"about":[{"href":"https:\/\/www.atpoorten.be\/fr\/wp-json\/wp\/v2\/types\/product"}],"wp:featuredmedia":[{"embeddable":true,"href":"https:\/\/www.atpoorten.be\/fr\/wp-json\/wp\/v2\/media\/1805"}],"wp:attachment":[{"href":"https:\/\/www.atpoorten.be\/fr\/wp-json\/wp\/v2\/media?parent=1791"}],"wp:term":[{"taxonomy":"product_brand","embeddable":true,"href":"https:\/\/www.atpoorten.be\/fr\/wp-json\/wp\/v2\/product_brand?post=1791"},{"taxonomy":"product_cat","embeddable":true,"href":"https:\/\/www.atpoorten.be\/fr\/wp-json\/wp\/v2\/product_cat?post=1791"},{"taxonomy":"product_tag","embeddable":true,"href":"https:\/\/www.atpoorten.be\/fr\/wp-json\/wp\/v2\/product_tag?post=1791"}],"curies":[{"name":"wp","href":"https:\/\/api.w.org\/{rel}","templated":true}]}}