{"id":1792,"date":"2021-07-19T06:47:37","date_gmt":"2021-07-19T06:47:37","guid":{"rendered":"https:\/\/www.atpoorten.be\/?post_type=product&#038;p=1792"},"modified":"2025-10-05T09:21:37","modified_gmt":"2025-10-05T09:21:37","slug":"safety-clean-500ml","status":"publish","type":"product","link":"https:\/\/www.atpoorten.be\/fr\/safety-clean-500ml\/","title":{"rendered":"Safety Clean 500ML"},"content":{"rendered":"<p><strong>Manuel de l'utilisateur<\/strong><br \/>\n- Appliquer et laisser p\u00e9n\u00e9trer en fonction de la contamination.<br \/>\n- Frotter la salet\u00e9 d\u00e9tach\u00e9e.<br \/>\n- Si n\u00e9cessaire, r\u00e9p\u00e9ter le traitement.<\/p>","protected":false},"excerpt":{"rendered":"<p>Les empreintes digitales et les taches caus\u00e9es par les sprays de silicone et le silicone, par exemple, sont difficiles \u00e0 \u00e9liminer. Le nettoyage de l'aluminium n\u00e9cessite un pr\u00e9traitement sp\u00e9cifique. Novatio Safety Clean est la solution id\u00e9ale. L'aluminium doit d'abord \u00eatre soigneusement nettoy\u00e9 avec Safety Clean Windows &amp; Doors avant d'\u00eatre nettoy\u00e9 avec Multifoam. Safety Clean \u00e9liminera la salet\u00e9 inorganique laiss\u00e9e sur place. Les empreintes digitales et les taches caus\u00e9es par les silicones et les huiles doivent \u00e9galement \u00eatre \u00e9limin\u00e9es au pr\u00e9alable avec Safety Clean.<\/p>","protected":false},"featured_media":1806,"template":"","meta":{"_et_pb_use_builder":"","_et_pb_old_content":"","_et_gb_content_width":"","iawp_total_views":439},"product_brand":[],"product_cat":[55,57],"product_tag":[],"class_list":{"0":"post-1792","1":"product","2":"type-product","3":"status-publish","4":"has-post-thumbnail","6":"product_cat-onderhoudsproducten","7":"product_cat-reiniger","8":"product_shipping_class-65-euro","10":"first","11":"instock","12":"taxable","13":"shipping-taxable","14":"purchasable","15":"product-type-simple"},"_links":{"self":[{"href":"https:\/\/www.atpoorten.be\/fr\/wp-json\/wp\/v2\/product\/1792","targetHints":{"allow":["GET"]}}],"collection":[{"href":"https:\/\/www.atpoorten.be\/fr\/wp-json\/wp\/v2\/product"}],"about":[{"href":"https:\/\/www.atpoorten.be\/fr\/wp-json\/wp\/v2\/types\/product"}],"wp:featuredmedia":[{"embeddable":true,"href":"https:\/\/www.atpoorten.be\/fr\/wp-json\/wp\/v2\/media\/1806"}],"wp:attachment":[{"href":"https:\/\/www.atpoorten.be\/fr\/wp-json\/wp\/v2\/media?parent=1792"}],"wp:term":[{"taxonomy":"product_brand","embeddable":true,"href":"https:\/\/www.atpoorten.be\/fr\/wp-json\/wp\/v2\/product_brand?post=1792"},{"taxonomy":"product_cat","embeddable":true,"href":"https:\/\/www.atpoorten.be\/fr\/wp-json\/wp\/v2\/product_cat?post=1792"},{"taxonomy":"product_tag","embeddable":true,"href":"https:\/\/www.atpoorten.be\/fr\/wp-json\/wp\/v2\/product_tag?post=1792"}],"curies":[{"name":"wp","href":"https:\/\/api.w.org\/{rel}","templated":true}]}}