{"id":1793,"date":"2021-07-19T06:50:36","date_gmt":"2021-07-19T06:50:36","guid":{"rendered":"https:\/\/www.atpoorten.be\/?post_type=product&#038;p=1793"},"modified":"2025-03-02T16:33:59","modified_gmt":"2025-03-02T16:33:59","slug":"multifoam-500ml","status":"publish","type":"product","link":"https:\/\/www.atpoorten.be\/fr\/multifoam-500ml\/","title":{"rendered":"Multifoam 500ML"},"content":{"rendered":"<p><strong>Manuel de l'utilisateur<\/strong><br \/>\n- Secouez bien la bo\u00eete avant de l'utiliser.<br \/>\n- Appliquer ensuite la mousse en spray sur la surface.<br \/>\n- Laissez le produit s'impr\u00e9gner pendant un certain temps.<br \/>\n- Enfin, frottez la surface pour la s\u00e9cher avec un chiffon propre et non pelucheux.<br \/>\n- Finir avec un chiffon sec<\/p>","protected":false},"excerpt":{"rendered":"<p>Novatio Multifoam est id\u00e9al pour nettoyer et d\u00e9graisser vos menuiseries ext\u00e9rieures. Fen\u00eatres, portes, portails, cl\u00f4tures, ... peuvent \u00eatre trait\u00e9s avec ce produit.<\/p>\n<p><strong>Caract\u00e9ristiques<\/strong><br \/>\n- Novatio Multifoam est un spray mousse universel et efficace pour le d\u00e9graissage et le nettoyage de toutes les surfaces r\u00e9sistantes \u00e0 l'eau, tant horizontales que verticales.<br \/>\n- Le produit est facile et s\u00fbr \u00e0 utiliser, m\u00eame sur des surfaces sensibles.<br \/>\n- Novatio Multifoam ne contient pas d'abrasifs et a une odeur agr\u00e9able.<br \/>\n- De plus, Multifoam ne laisse pas de rayures, de taches ou de traces sur les surfaces.<\/p>\n<p><strong>Applications<\/strong><br \/>\nNovatio Multifoam \u00e9limine en toute s\u00e9curit\u00e9 et avec un parfum frais toute la salet\u00e9 naturelle de toutes les surfaces, y compris les surfaces verticales.<\/p>","protected":false},"featured_media":1807,"template":"","meta":{"_et_pb_use_builder":"","_et_pb_old_content":"","_et_gb_content_width":"","iawp_total_views":623},"product_brand":[],"product_cat":[55,57],"product_tag":[],"class_list":{"0":"post-1793","1":"product","2":"type-product","3":"status-publish","4":"has-post-thumbnail","6":"product_cat-onderhoudsproducten","7":"product_cat-reiniger","8":"product_shipping_class-65-euro","10":"first","11":"instock","12":"taxable","13":"shipping-taxable","14":"purchasable","15":"product-type-simple"},"_links":{"self":[{"href":"https:\/\/www.atpoorten.be\/fr\/wp-json\/wp\/v2\/product\/1793","targetHints":{"allow":["GET"]}}],"collection":[{"href":"https:\/\/www.atpoorten.be\/fr\/wp-json\/wp\/v2\/product"}],"about":[{"href":"https:\/\/www.atpoorten.be\/fr\/wp-json\/wp\/v2\/types\/product"}],"wp:featuredmedia":[{"embeddable":true,"href":"https:\/\/www.atpoorten.be\/fr\/wp-json\/wp\/v2\/media\/1807"}],"wp:attachment":[{"href":"https:\/\/www.atpoorten.be\/fr\/wp-json\/wp\/v2\/media?parent=1793"}],"wp:term":[{"taxonomy":"product_brand","embeddable":true,"href":"https:\/\/www.atpoorten.be\/fr\/wp-json\/wp\/v2\/product_brand?post=1793"},{"taxonomy":"product_cat","embeddable":true,"href":"https:\/\/www.atpoorten.be\/fr\/wp-json\/wp\/v2\/product_cat?post=1793"},{"taxonomy":"product_tag","embeddable":true,"href":"https:\/\/www.atpoorten.be\/fr\/wp-json\/wp\/v2\/product_tag?post=1793"}],"curies":[{"name":"wp","href":"https:\/\/api.w.org\/{rel}","templated":true}]}}