{"id":1794,"date":"2021-07-19T06:52:38","date_gmt":"2021-07-19T06:52:38","guid":{"rendered":"https:\/\/www.atpoorten.be\/?post_type=product&#038;p=1794"},"modified":"2025-10-05T09:21:38","modified_gmt":"2025-10-05T09:21:38","slug":"novacare-shamp-wax-rood-500ml","status":"publish","type":"product","link":"https:\/\/www.atpoorten.be\/fr\/novacare-shamp-wax-rood-500ml\/","title":{"rendered":"Novacare Shamp Wax Rood 500ML"},"content":{"rendered":"<p><strong>Manuel de l'utilisateur<\/strong><br \/>\n- Mouiller abondamment l'application pour \u00e9liminer le sable et les salet\u00e9s non adh\u00e9rentes.<br \/>\n- Verser 60 \u00e0 80 ml dans un seau d'eau ti\u00e8de et brosser de bas en haut.<br \/>\n- Rincer \u00e0 l'eau claire et s\u00e9cher avec une peau de chamois.<br \/>\n- Pour une brillance accrue, frotter avec un chiffon sec et non pelucheux.<\/p>","protected":false},"excerpt":{"rendered":"<p>- Pour l'entretien hebdomadaire.<br \/>\n- Peu de mousse gr\u00e2ce \u00e0 la teneur \u00e9lev\u00e9e en cire de carnauba, pour des r\u00e9sultats parfaits.<br \/>\n- En une seule op\u00e9ration.<br \/>\n- Nettoyage et entretien.<br \/>\n- Protection avec effet perl\u00e9.<br \/>\n- Pour le PVC, l'aluminium et toutes les peintures.<\/p>","protected":false},"featured_media":1808,"template":"","meta":{"_et_pb_use_builder":"","_et_pb_old_content":"","_et_gb_content_width":"","iawp_total_views":312},"product_brand":[],"product_cat":[59,55,57],"product_tag":[],"class_list":{"0":"post-1794","1":"product","2":"type-product","3":"status-publish","4":"has-post-thumbnail","6":"product_cat-onderhouds-product","7":"product_cat-onderhoudsproducten","8":"product_cat-reiniger","9":"product_shipping_class-65-euro","11":"first","12":"instock","13":"taxable","14":"shipping-taxable","15":"purchasable","16":"product-type-simple"},"_links":{"self":[{"href":"https:\/\/www.atpoorten.be\/fr\/wp-json\/wp\/v2\/product\/1794","targetHints":{"allow":["GET"]}}],"collection":[{"href":"https:\/\/www.atpoorten.be\/fr\/wp-json\/wp\/v2\/product"}],"about":[{"href":"https:\/\/www.atpoorten.be\/fr\/wp-json\/wp\/v2\/types\/product"}],"wp:featuredmedia":[{"embeddable":true,"href":"https:\/\/www.atpoorten.be\/fr\/wp-json\/wp\/v2\/media\/1808"}],"wp:attachment":[{"href":"https:\/\/www.atpoorten.be\/fr\/wp-json\/wp\/v2\/media?parent=1794"}],"wp:term":[{"taxonomy":"product_brand","embeddable":true,"href":"https:\/\/www.atpoorten.be\/fr\/wp-json\/wp\/v2\/product_brand?post=1794"},{"taxonomy":"product_cat","embeddable":true,"href":"https:\/\/www.atpoorten.be\/fr\/wp-json\/wp\/v2\/product_cat?post=1794"},{"taxonomy":"product_tag","embeddable":true,"href":"https:\/\/www.atpoorten.be\/fr\/wp-json\/wp\/v2\/product_tag?post=1794"}],"curies":[{"name":"wp","href":"https:\/\/api.w.org\/{rel}","templated":true}]}}