{"id":1797,"date":"2021-07-19T06:58:22","date_gmt":"2021-07-19T06:58:22","guid":{"rendered":"https:\/\/www.atpoorten.be\/?post_type=product&#038;p=1797"},"modified":"2025-10-05T09:21:37","modified_gmt":"2025-10-05T09:21:37","slug":"alu-box","status":"publish","type":"product","link":"https:\/\/www.atpoorten.be\/fr\/alu-box\/","title":{"rendered":"ALU Box"},"content":{"rendered":"<p><strong>Ce paquet contient<\/strong><br \/>\n&#8211; Novacare Shamp Wax 500ML<br \/>\n&#8211; Surface Renewer 400ML<br \/>\n- Chiffon en microfibre<br \/>\n- \u00c9ponge anti-rayures<br \/>\n- Certificat de garantie<\/p>\n<div id=\"ConnectiveDocSignExtentionInstalled\" data-extension-version=\"1.0.4\"><\/div>","protected":false},"excerpt":{"rendered":"<p>Novatio Alubox Basis est une bo\u00eete d'entretien compos\u00e9e par Novatio pour l'entretien des fen\u00eatres, portes et portails. Ce coffret est compos\u00e9 de produits de nettoyage et de protection contre l'alt\u00e9ration ou le farinage de la peinture en poudre. Votre menuiserie ext\u00e9rieure en aluminium ou votre rev\u00eatement de fa\u00e7ade retrouvera sa couleur d'origine ! Le coffret est propos\u00e9 dans un ensemble de prestations pratiques. L'entretien avec ces produits garantit une longue dur\u00e9e de vie \u00e0 votre menuiserie ext\u00e9rieure. Nettoyer, prot\u00e9ger et r\u00e9nover en un seul paquet.<\/p>\n<div id=\"ConnectiveDocSignExtentionInstalled\" data-extension-version=\"1.0.4\"><\/div>","protected":false},"featured_media":1952,"template":"","meta":{"_et_pb_use_builder":"","_et_pb_old_content":"","_et_gb_content_width":"","iawp_total_views":648},"product_brand":[],"product_cat":[56,55],"product_tag":[],"class_list":{"0":"post-1797","1":"product","2":"type-product","3":"status-publish","4":"has-post-thumbnail","6":"product_cat-basisboxen","7":"product_cat-onderhoudsproducten","8":"product_shipping_class-gratis-verzending","10":"first","11":"instock","12":"taxable","13":"shipping-taxable","14":"purchasable","15":"product-type-simple"},"_links":{"self":[{"href":"https:\/\/www.atpoorten.be\/fr\/wp-json\/wp\/v2\/product\/1797","targetHints":{"allow":["GET"]}}],"collection":[{"href":"https:\/\/www.atpoorten.be\/fr\/wp-json\/wp\/v2\/product"}],"about":[{"href":"https:\/\/www.atpoorten.be\/fr\/wp-json\/wp\/v2\/types\/product"}],"wp:featuredmedia":[{"embeddable":true,"href":"https:\/\/www.atpoorten.be\/fr\/wp-json\/wp\/v2\/media\/1952"}],"wp:attachment":[{"href":"https:\/\/www.atpoorten.be\/fr\/wp-json\/wp\/v2\/media?parent=1797"}],"wp:term":[{"taxonomy":"product_brand","embeddable":true,"href":"https:\/\/www.atpoorten.be\/fr\/wp-json\/wp\/v2\/product_brand?post=1797"},{"taxonomy":"product_cat","embeddable":true,"href":"https:\/\/www.atpoorten.be\/fr\/wp-json\/wp\/v2\/product_cat?post=1797"},{"taxonomy":"product_tag","embeddable":true,"href":"https:\/\/www.atpoorten.be\/fr\/wp-json\/wp\/v2\/product_tag?post=1797"}],"curies":[{"name":"wp","href":"https:\/\/api.w.org\/{rel}","templated":true}]}}