{"id":1798,"date":"2021-07-19T07:00:40","date_gmt":"2021-07-19T07:00:40","guid":{"rendered":"https:\/\/www.atpoorten.be\/?post_type=product&#038;p=1798"},"modified":"2025-10-05T09:21:37","modified_gmt":"2025-10-05T09:21:37","slug":"clean-gum-univ-110pcs","status":"publish","type":"product","link":"https:\/\/www.atpoorten.be\/fr\/clean-gum-univ-110pcs\/","title":{"rendered":"Clean Gum UNIV 1=10PCS"},"content":{"rendered":"<p><strong>Manuel de l'utilisateur<\/strong><br \/>\n- Humidifiez l\u00e9g\u00e8rement le Clean Gum et utilisez le produit de nettoyage Novatio appropri\u00e9 pour un nettoyage jusqu'aux pores.<br \/>\n- Il faut toujours commencer par tester la r\u00e9sistance du support dans une zone peu ou pas visible.<\/p>","protected":false},"excerpt":{"rendered":"<p>Le Clean Gum a une action l\u00e9g\u00e8rement abrasive pour une \u00e9limination ultra-rapide des taches tenaces sur la plupart des surfaces dures. Action double face : \u00e9ponge abrasive d'un c\u00f4t\u00e9 et m\u00e9lamine microcellulaire comprim\u00e9e de l'autre. Id\u00e9al en combinaison avec les nettoyants Novatio. R\u00e9utilisable jusqu'\u00e0 cinq fois.<br \/>\n- \u00c9limine les salissures tenaces.<br \/>\n- En association avec les nettoyants Novatio.<br \/>\n- Peut \u00eatre r\u00e9utilis\u00e9 jusqu'\u00e0 5 fois.<\/p>\n<p class=\"translation-block\">Applications Clean Gum\nConvient pour les peintures murales lavables, les laques, les stratifi\u00e9s, les carrelages, les meubles, etc,\nramen en deuren, badkamer, keuken, houtwerk, tuinmeubelen, \u2026<\/p>","protected":false},"featured_media":1816,"template":"","meta":{"_et_pb_use_builder":"","_et_pb_old_content":"","_et_gb_content_width":"","iawp_total_views":71},"product_brand":[],"product_cat":[58],"product_tag":[],"class_list":{"0":"post-1798","1":"product","2":"type-product","3":"status-publish","4":"has-post-thumbnail","6":"product_cat-tools","7":"product_shipping_class-65-euro","9":"first","10":"instock","11":"taxable","12":"shipping-taxable","13":"purchasable","14":"product-type-simple"},"_links":{"self":[{"href":"https:\/\/www.atpoorten.be\/fr\/wp-json\/wp\/v2\/product\/1798","targetHints":{"allow":["GET"]}}],"collection":[{"href":"https:\/\/www.atpoorten.be\/fr\/wp-json\/wp\/v2\/product"}],"about":[{"href":"https:\/\/www.atpoorten.be\/fr\/wp-json\/wp\/v2\/types\/product"}],"wp:featuredmedia":[{"embeddable":true,"href":"https:\/\/www.atpoorten.be\/fr\/wp-json\/wp\/v2\/media\/1816"}],"wp:attachment":[{"href":"https:\/\/www.atpoorten.be\/fr\/wp-json\/wp\/v2\/media?parent=1798"}],"wp:term":[{"taxonomy":"product_brand","embeddable":true,"href":"https:\/\/www.atpoorten.be\/fr\/wp-json\/wp\/v2\/product_brand?post=1798"},{"taxonomy":"product_cat","embeddable":true,"href":"https:\/\/www.atpoorten.be\/fr\/wp-json\/wp\/v2\/product_cat?post=1798"},{"taxonomy":"product_tag","embeddable":true,"href":"https:\/\/www.atpoorten.be\/fr\/wp-json\/wp\/v2\/product_tag?post=1798"}],"curies":[{"name":"wp","href":"https:\/\/api.w.org\/{rel}","templated":true}]}}