{"id":1799,"date":"2021-07-19T07:02:39","date_gmt":"2021-07-19T07:02:39","guid":{"rendered":"https:\/\/www.atpoorten.be\/?post_type=product&#038;p=1799"},"modified":"2024-12-08T10:18:35","modified_gmt":"2024-12-08T10:18:35","slug":"novawipe-microfibre-fs-soft-blue-univ-15pcs","status":"publish","type":"product","link":"https:\/\/www.atpoorten.be\/fr\/novawipe-microfibre-fs-soft-blue-univ-15pcs\/","title":{"rendered":"Novawipe Microfibre FS Soft Blue"},"content":{"rendered":"<p>- Excellentes qualit\u00e9s de nettoyage<br \/>\n- Super absorbant : jusqu'\u00e0 4 fois son propre poids<br \/>\n- R\u00e9sultats sans rayures<br \/>\n- R\u00e9sistant \u00e0 l'usure<\/p>","protected":false},"excerpt":{"rendered":"<p>Le Novawipe Microfibre FS est un chiffon tricot\u00e9 en microfibres d'une excellente qualit\u00e9 de nettoyage et d'absorption, \u00e9pais gr\u00e2ce \u00e0 sa texture pyramidale et d'un poids de 280gr\/m2. La structure pyramidale permet un nettoyage en profondeur avec un effet de gommage. Ce Novawipe Microfibre FS est r\u00e9sistant et \u00e9limine \u00e9galement les huiles m\u00e9caniques et v\u00e9g\u00e9tales. Id\u00e9al pour une utilisation avec les nettoyants Novatio.<\/p>","protected":false},"featured_media":1817,"template":"","meta":{"_et_pb_use_builder":"","_et_pb_old_content":"","_et_gb_content_width":"","iawp_total_views":45},"product_brand":[],"product_cat":[58],"product_tag":[],"class_list":{"0":"post-1799","1":"product","2":"type-product","3":"status-publish","4":"has-post-thumbnail","6":"product_cat-tools","7":"product_shipping_class-65-euro","9":"first","10":"instock","11":"taxable","12":"shipping-taxable","13":"purchasable","14":"product-type-simple"},"_links":{"self":[{"href":"https:\/\/www.atpoorten.be\/fr\/wp-json\/wp\/v2\/product\/1799","targetHints":{"allow":["GET"]}}],"collection":[{"href":"https:\/\/www.atpoorten.be\/fr\/wp-json\/wp\/v2\/product"}],"about":[{"href":"https:\/\/www.atpoorten.be\/fr\/wp-json\/wp\/v2\/types\/product"}],"wp:featuredmedia":[{"embeddable":true,"href":"https:\/\/www.atpoorten.be\/fr\/wp-json\/wp\/v2\/media\/1817"}],"wp:attachment":[{"href":"https:\/\/www.atpoorten.be\/fr\/wp-json\/wp\/v2\/media?parent=1799"}],"wp:term":[{"taxonomy":"product_brand","embeddable":true,"href":"https:\/\/www.atpoorten.be\/fr\/wp-json\/wp\/v2\/product_brand?post=1799"},{"taxonomy":"product_cat","embeddable":true,"href":"https:\/\/www.atpoorten.be\/fr\/wp-json\/wp\/v2\/product_cat?post=1799"},{"taxonomy":"product_tag","embeddable":true,"href":"https:\/\/www.atpoorten.be\/fr\/wp-json\/wp\/v2\/product_tag?post=1799"}],"curies":[{"name":"wp","href":"https:\/\/api.w.org\/{rel}","templated":true}]}}