{"id":1801,"date":"2021-07-19T07:06:11","date_gmt":"2021-07-19T07:06:11","guid":{"rendered":"https:\/\/www.atpoorten.be\/?post_type=product&#038;p=1801"},"modified":"2025-03-02T16:32:15","modified_gmt":"2025-03-02T16:32:15","slug":"bio-paste-600gr","status":"publish","type":"product","link":"https:\/\/www.atpoorten.be\/fr\/bio-paste-600gr\/","title":{"rendered":"Bio Paste 600GR"},"content":{"rendered":"<p><strong>Manuel de l'utilisateur<\/strong><br \/>\n- Frotter avec un chiffon propre et humide ou une \u00e9ponge douce jusqu'\u00e0 ce que de la mousse se forme.<br \/>\n- Rincer \u00e0 l'eau claire.<br \/>\n- Essuyer avec un chiffon sec. Ne convient pas aux surfaces peintes ou vernies. En cas de doute, faire d'abord un essai sur une petite surface ou sur une surface invisible.<\/p>","protected":false},"excerpt":{"rendered":"<p>Les d\u00e9p\u00f4ts de chaux, de ciment et de salp\u00eatre, les traces noires (dues aux caoutchoucs) et les laques encrass\u00e9es restent un probl\u00e8me majeur sur l'aluminium, le PVC et le verre. Novatio Bio Paste Windows &amp; Doors est une p\u00e2te de nettoyage universelle pour les laques textur\u00e9es.<br \/>\n- \u00c9limine les d\u00e9p\u00f4ts de calcaire et de salp\u00eatre.<br \/>\n- Elimine les traces noires sur le PVC et l'alu.<\/p>","protected":false},"featured_media":1819,"template":"","meta":{"_et_pb_use_builder":"","_et_pb_old_content":"","_et_gb_content_width":"","iawp_total_views":305},"product_brand":[],"product_cat":[55,57],"product_tag":[],"class_list":{"0":"post-1801","1":"product","2":"type-product","3":"status-publish","4":"has-post-thumbnail","6":"product_cat-onderhoudsproducten","7":"product_cat-reiniger","8":"product_shipping_class-65-euro","10":"first","11":"instock","12":"taxable","13":"shipping-taxable","14":"purchasable","15":"product-type-simple"},"_links":{"self":[{"href":"https:\/\/www.atpoorten.be\/fr\/wp-json\/wp\/v2\/product\/1801","targetHints":{"allow":["GET"]}}],"collection":[{"href":"https:\/\/www.atpoorten.be\/fr\/wp-json\/wp\/v2\/product"}],"about":[{"href":"https:\/\/www.atpoorten.be\/fr\/wp-json\/wp\/v2\/types\/product"}],"wp:featuredmedia":[{"embeddable":true,"href":"https:\/\/www.atpoorten.be\/fr\/wp-json\/wp\/v2\/media\/1819"}],"wp:attachment":[{"href":"https:\/\/www.atpoorten.be\/fr\/wp-json\/wp\/v2\/media?parent=1801"}],"wp:term":[{"taxonomy":"product_brand","embeddable":true,"href":"https:\/\/www.atpoorten.be\/fr\/wp-json\/wp\/v2\/product_brand?post=1801"},{"taxonomy":"product_cat","embeddable":true,"href":"https:\/\/www.atpoorten.be\/fr\/wp-json\/wp\/v2\/product_cat?post=1801"},{"taxonomy":"product_tag","embeddable":true,"href":"https:\/\/www.atpoorten.be\/fr\/wp-json\/wp\/v2\/product_tag?post=1801"}],"curies":[{"name":"wp","href":"https:\/\/api.w.org\/{rel}","templated":true}]}}