{"id":2841,"date":"2024-02-11T17:45:54","date_gmt":"2024-02-11T17:45:54","guid":{"rendered":"https:\/\/www.atpoorten.be\/?post_type=product&#038;p=2841"},"modified":"2024-06-12T11:27:11","modified_gmt":"2024-06-12T11:27:11","slug":"fijne-siliconspray-400ml","status":"publish","type":"product","link":"https:\/\/www.atpoorten.be\/fr\/fijne-siliconspray-400ml\/","title":{"rendered":"Fijne Siliconspray 400ML"},"content":{"rendered":"<p>[et_pb_section fb_built=&#8221;1&#8243; _builder_version=&#8221;4.16&#8243; custom_padding=&#8221;0px||||false|false&#8221; global_colors_info=&#8221;{}&#8221;][et_pb_row _builder_version=&#8221;4.16&#8243; background_size=&#8221;initial&#8221; background_position=&#8221;top_left&#8221; background_repeat=&#8221;repeat&#8221; width=&#8221;100%&#8221; custom_padding=&#8221;0px||0px||false|false&#8221; global_colors_info=&#8221;{}&#8221;][et_pb_column type=&#8221;4_4&#8243; _builder_version=&#8221;4.16&#8243; custom_padding=&#8221;|||&#8221; global_colors_info=&#8221;{}&#8221; custom_padding__hover=&#8221;|||&#8221;][et_pb_wc_breadcrumb _builder_version=&#8221;4.16&#8243; global_colors_info=&#8221;{}&#8221;][\/et_pb_wc_breadcrumb][et_pb_wc_cart_notice _builder_version=&#8221;4.16&#8243; global_colors_info=&#8221;{}&#8221;][\/et_pb_wc_cart_notice][\/et_pb_column][\/et_pb_row][et_pb_row column_structure=&#8221;1_2,1_2&#8243; _builder_version=&#8221;4.16&#8243; background_size=&#8221;initial&#8221; background_position=&#8221;top_left&#8221; background_repeat=&#8221;repeat&#8221; width=&#8221;100%&#8221; custom_padding=&#8221;0px||||false|false&#8221; global_colors_info=&#8221;{}&#8221;][et_pb_column type=&#8221;1_2&#8243; _builder_version=&#8221;4.16&#8243; custom_padding=&#8221;|||&#8221; global_colors_info=&#8221;{}&#8221; custom_padding__hover=&#8221;|||&#8221;][et_pb_wc_images _builder_version=&#8221;4.16&#8243; global_colors_info=&#8221;{}&#8221;][\/et_pb_wc_images][\/et_pb_column][et_pb_column type=&#8221;1_2&#8243; _builder_version=&#8221;4.16&#8243; custom_padding=&#8221;|||&#8221; global_colors_info=&#8221;{}&#8221; custom_padding__hover=&#8221;|||&#8221;][et_pb_wc_title _builder_version=&#8221;4.16&#8243; global_colors_info=&#8221;{}&#8221;][\/et_pb_wc_title][et_pb_wc_rating _builder_version=&#8221;4.16&#8243; global_colors_info=&#8221;{}&#8221;][\/et_pb_wc_rating][et_pb_wc_price _builder_version=&#8221;4.16&#8243; global_colors_info=&#8221;{}&#8221;][\/et_pb_wc_price][et_pb_wc_description _builder_version=&#8221;4.24.0&#8243; body_font=&#8221;Poppins|300|||||||&#8221; global_colors_info=&#8221;{}&#8221;][\/et_pb_wc_description][et_pb_wc_add_to_cart _builder_version=&#8221;4.16&#8243; global_colors_info=&#8221;{}&#8221;][\/et_pb_wc_add_to_cart][et_pb_wc_meta _builder_version=&#8221;4.16&#8243; global_colors_info=&#8221;{}&#8221;][\/et_pb_wc_meta][\/et_pb_column][\/et_pb_row][et_pb_row _builder_version=&#8221;4.16&#8243; background_size=&#8221;initial&#8221; background_position=&#8221;top_left&#8221; background_repeat=&#8221;repeat&#8221; width=&#8221;100%&#8221; global_colors_info=&#8221;{}&#8221;][et_pb_column type=&#8221;4_4&#8243; _builder_version=&#8221;4.16&#8243; custom_padding=&#8221;|||&#8221; global_colors_info=&#8221;{}&#8221; custom_padding__hover=&#8221;|||&#8221;][et_pb_wc_tabs _builder_version=&#8221;4.24.0&#8243; body_font=&#8221;Poppins|300|||||||&#8221; global_colors_info=&#8221;{}&#8221;]\t\t\t\t\t[\/et_pb_wc_tabs][et_pb_wc_upsells _builder_version=&#8221;4.16&#8243; global_colors_info=&#8221;{}&#8221;][\/et_pb_wc_upsells][et_pb_wc_related_products _builder_version=&#8221;4.16&#8243; global_colors_info=&#8221;{}&#8221;][\/et_pb_wc_related_products][\/et_pb_column][\/et_pb_row][\/et_pb_section]<\/p>\n","protected":false},"excerpt":{"rendered":"<p>Forme un film extr\u00eamement fin, transparent, durable, inodore, ininflammable, propre et stable sur tous les substrats. Le spray de silicone fin a des performances optimales \u00e0 des temp\u00e9ratures allant de -70\u00b0C \u00e0 +280\u00b0C et r\u00e9siste \u00e0 la pression jusqu'\u00e0 1400kg\/cm\u00b2. Le lubrifiant sec qui prot\u00e8ge contre l'eau et l'humidit\u00e9. Pr\u00e9vient la rouille et la corrosion.<br \/>\n- Protection hydrofuge.<br \/>\n- Alimentation impeccable des mat\u00e9riaux poreux.<\/p>\n<div id=\"ConnectiveDocSignExtentionInstalled\" data-extension-version=\"1.0.4\"><\/div>","protected":false},"featured_media":2842,"template":"","meta":{"_et_pb_use_builder":"on","_et_pb_old_content":"<strong>Gebruiksaanwijzing Fijne Siliconspray 400ML<\/strong>\r\n- Aanbrengen vanop 30 cm op zuivere ondergrond.\r\n- Verwijderbaar met <a href=\"https:\/\/www.atpoorten.be\/safety-clean-500ml\/\">Safety Clean<\/a>.\r\n<div id=\"ConnectiveDocSignExtentionInstalled\" data-extension-version=\"1.0.4\"><\/div>","_et_gb_content_width":"","iawp_total_views":26},"product_brand":[],"product_cat":[15],"product_tag":[],"class_list":{"0":"post-2841","1":"product","2":"type-product","3":"status-publish","4":"has-post-thumbnail","6":"product_cat-uncategorized","7":"product_shipping_class-65-euro","9":"first","10":"instock","11":"featured","12":"taxable","13":"shipping-taxable","14":"purchasable","15":"product-type-simple"},"_links":{"self":[{"href":"https:\/\/www.atpoorten.be\/fr\/wp-json\/wp\/v2\/product\/2841","targetHints":{"allow":["GET"]}}],"collection":[{"href":"https:\/\/www.atpoorten.be\/fr\/wp-json\/wp\/v2\/product"}],"about":[{"href":"https:\/\/www.atpoorten.be\/fr\/wp-json\/wp\/v2\/types\/product"}],"wp:featuredmedia":[{"embeddable":true,"href":"https:\/\/www.atpoorten.be\/fr\/wp-json\/wp\/v2\/media\/2842"}],"wp:attachment":[{"href":"https:\/\/www.atpoorten.be\/fr\/wp-json\/wp\/v2\/media?parent=2841"}],"wp:term":[{"taxonomy":"product_brand","embeddable":true,"href":"https:\/\/www.atpoorten.be\/fr\/wp-json\/wp\/v2\/product_brand?post=2841"},{"taxonomy":"product_cat","embeddable":true,"href":"https:\/\/www.atpoorten.be\/fr\/wp-json\/wp\/v2\/product_cat?post=2841"},{"taxonomy":"product_tag","embeddable":true,"href":"https:\/\/www.atpoorten.be\/fr\/wp-json\/wp\/v2\/product_tag?post=2841"}],"curies":[{"name":"wp","href":"https:\/\/api.w.org\/{rel}","templated":true}]}}