{"id":2920,"date":"2024-06-19T13:40:36","date_gmt":"2024-06-19T13:40:36","guid":{"rendered":"https:\/\/www.atpoorten.be\/?post_type=product&#038;p=2920"},"modified":"2025-03-02T16:30:39","modified_gmt":"2025-03-02T16:30:39","slug":"fa-clean-200-ml","status":"publish","type":"product","link":"https:\/\/www.atpoorten.be\/fr\/fa-clean-200-ml\/","title":{"rendered":"Fa Clean 200 ml"},"content":{"rendered":"<p><strong>Manuel de l'utilisateur<\/strong><br \/>\n\u2013 Schuimend effect: monteer de trigger met verlengbuis op de bus.<br \/>\n\u2013 Vloeibaar: monteer de andere spuitkop.<br \/>\n\u2013 Het oppervlak inspuiten.<br \/>\n\u2013 Naar vervuiling laten inwerken.<br \/>\n\u2013 Afwrijven met een zuivere doek.<br \/>\n\u2013 Met een droge doek nawrijven.<\/p>\n<p>Pour de meilleurs r\u00e9sultats sur les surfaces lisses, utilisez Novawipe Microfibre. Pour les salissures extr\u00eames sur les textiles, utilisez Novakleen. Utilisez la bouteille \u00e0 pression Novatio pour les grandes applications.<\/p>","protected":false},"excerpt":{"rendered":"<p>Le nettoyage de rev\u00eatements et de substrats fragiles n\u00e9cessite d'\u00e9viter les rayures lors de l'\u00e9limination de la contamination visible. \u00c9liminez les salissures avec Novatio FA Clean. Les couches visibles de poussi\u00e8re et de salet\u00e9 doivent d'abord \u00eatre \u00e9limin\u00e9es avec FA Clean Windows &amp; Doors and Gates avant de s'attaquer \u00e0 la contamination inorganique proprement dite. Il faut d'abord enlever la salet\u00e9 (couche mince) avec un nettoyant \u00e0 base d'eau avant de pouvoir enlever la salet\u00e9 inorganique (p. ex. une tache de colle). FA Clean peut \u00e9galement \u00eatre utilis\u00e9 pour \u00e9liminer les traces de nicotone, de boissons gazeuses, de graisse, de salet\u00e9 et de caoutchouc.<\/p>","protected":false},"featured_media":2921,"template":"","meta":{"_et_pb_use_builder":"","_et_pb_old_content":"","_et_gb_content_width":"","iawp_total_views":72},"product_brand":[],"product_cat":[55,57],"product_tag":[],"class_list":{"0":"post-2920","1":"product","2":"type-product","3":"status-publish","4":"has-post-thumbnail","6":"product_cat-onderhoudsproducten","7":"product_cat-reiniger","8":"product_shipping_class-65-euro","10":"first","11":"instock","12":"taxable","13":"shipping-taxable","14":"purchasable","15":"product-type-simple"},"_links":{"self":[{"href":"https:\/\/www.atpoorten.be\/fr\/wp-json\/wp\/v2\/product\/2920","targetHints":{"allow":["GET"]}}],"collection":[{"href":"https:\/\/www.atpoorten.be\/fr\/wp-json\/wp\/v2\/product"}],"about":[{"href":"https:\/\/www.atpoorten.be\/fr\/wp-json\/wp\/v2\/types\/product"}],"wp:featuredmedia":[{"embeddable":true,"href":"https:\/\/www.atpoorten.be\/fr\/wp-json\/wp\/v2\/media\/2921"}],"wp:attachment":[{"href":"https:\/\/www.atpoorten.be\/fr\/wp-json\/wp\/v2\/media?parent=2920"}],"wp:term":[{"taxonomy":"product_brand","embeddable":true,"href":"https:\/\/www.atpoorten.be\/fr\/wp-json\/wp\/v2\/product_brand?post=2920"},{"taxonomy":"product_cat","embeddable":true,"href":"https:\/\/www.atpoorten.be\/fr\/wp-json\/wp\/v2\/product_cat?post=2920"},{"taxonomy":"product_tag","embeddable":true,"href":"https:\/\/www.atpoorten.be\/fr\/wp-json\/wp\/v2\/product_tag?post=2920"}],"curies":[{"name":"wp","href":"https:\/\/api.w.org\/{rel}","templated":true}]}}